{"id":16,"date":"2025-06-20T08:33:35","date_gmt":"2025-06-20T08:33:35","guid":{"rendered":"https:\/\/lesmainsdemandyne.picweb.fr\/?page_id=16"},"modified":"2025-07-04T14:20:16","modified_gmt":"2025-07-04T12:20:16","slug":"massage-sophrologie-et-reflexologie-plantaire-dans-lherault","status":"publish","type":"page","link":"https:\/\/lesmainsdemandyne.picweb.fr\/","title":{"rendered":"Home"},"content":{"rendered":"\n\n\n\n\n\n\n\n\n\n\n\n\n\n\n\n\n\n\n\n\n\n\n\n\n\n\n\n\n\n\n\n\n\n\n\n\n\n\n\n\n\n\n\n\n\n\n\n\n\n\n\n\n\n\n\n\n\n\n\n\n\n\n\n\n\n\n\n\n\n","protected":false},"excerpt":{"rendered":"","protected":false},"author":1,"featured_media":82,"parent":0,"menu_order":0,"comment_status":"closed","ping_status":"closed","template":"","meta":{"footnotes":""},"class_list":["post-16","page","type-page","status-publish","has-post-thumbnail","hentry"],"yoast_head":"<!-- This site is optimized with the Yoast SEO plugin v25.4 - https:\/\/yoast.com\/wordpress\/plugins\/seo\/ -->\n<title>Home | Les mains de Mandyne<\/title>\n<meta name=\"description\" content=\"Massages bien-\u00eatre, soins \u00e9nerg\u00e9tiques et d\u00e9tente \u00e0 La Grande-Motte. Offrez-vous un moment pour vous avec Les Mains de Mandyne, dans un cadre chaleureux et apaisant. Sur rendez-vous.\" \/>\n<meta name=\"robots\" content=\"noindex, follow, max-snippet:-1, max-image-preview:large, max-video-preview:-1\" \/>\n<meta property=\"og:locale\" content=\"fr_FR\" \/>\n<meta property=\"og:type\" content=\"article\" \/>\n<meta property=\"og:title\" content=\"Home | Les mains de Mandyne\" \/>\n<meta property=\"og:description\" content=\"Massages bien-\u00eatre, soins \u00e9nerg\u00e9tiques et d\u00e9tente \u00e0 La Grande-Motte. Offrez-vous un moment pour vous avec Les Mains de Mandyne, dans un cadre chaleureux et apaisant. Sur rendez-vous.\" \/>\n<meta property=\"og:url\" content=\"https:\/\/lesmainsdemandyne.picweb.fr\/\" \/>\n<meta property=\"og:site_name\" content=\"Les mains de Mandyne\" \/>\n<meta property=\"article:modified_time\" content=\"2025-07-04T12:20:16+00:00\" \/>\n<meta property=\"og:image\" content=\"https:\/\/lesmainsdemandyne.picweb.fr\/wp-content\/uploads\/2025\/06\/logo_lesmainsdemandyne_450.webp\" \/>\n\t<meta property=\"og:image:width\" content=\"450\" \/>\n\t<meta property=\"og:image:height\" content=\"450\" \/>\n\t<meta property=\"og:image:type\" content=\"image\/webp\" \/>\n<meta name=\"twitter:card\" content=\"summary_large_image\" \/>\n<meta name=\"twitter:label1\" content=\"Dur\u00e9e de lecture estim\u00e9e\" \/>\n\t<meta name=\"twitter:data1\" content=\"1 minute\" \/>\n<script type=\"application\/ld+json\" class=\"yoast-schema-graph\">{\"@context\":\"https:\/\/schema.org\",\"@graph\":[{\"@type\":\"WebPage\",\"@id\":\"https:\/\/lesmainsdemandyne.picweb.fr\/\",\"url\":\"https:\/\/lesmainsdemandyne.picweb.fr\/\",\"name\":\"Home | Les mains de Mandyne\",\"isPartOf\":{\"@id\":\"https:\/\/lesmainsdemandyne.picweb.fr\/#website\"},\"primaryImageOfPage\":{\"@id\":\"https:\/\/lesmainsdemandyne.picweb.fr\/#primaryimage\"},\"image\":{\"@id\":\"https:\/\/lesmainsdemandyne.picweb.fr\/#primaryimage\"},\"thumbnailUrl\":\"https:\/\/lesmainsdemandyne.picweb.fr\/wp-content\/uploads\/2025\/06\/logo_lesmainsdemandyne_450.webp\",\"datePublished\":\"2025-06-20T08:33:35+00:00\",\"dateModified\":\"2025-07-04T12:20:16+00:00\",\"description\":\"Massages bien-\u00eatre, soins \u00e9nerg\u00e9tiques et d\u00e9tente \u00e0 La Grande-Motte. Offrez-vous un moment pour vous avec Les Mains de Mandyne, dans un cadre chaleureux et apaisant. Sur rendez-vous.\",\"breadcrumb\":{\"@id\":\"https:\/\/lesmainsdemandyne.picweb.fr\/#breadcrumb\"},\"inLanguage\":\"fr-FR\",\"potentialAction\":[{\"@type\":\"ReadAction\",\"target\":[\"https:\/\/lesmainsdemandyne.picweb.fr\/\"]}]},{\"@type\":\"ImageObject\",\"inLanguage\":\"fr-FR\",\"@id\":\"https:\/\/lesmainsdemandyne.picweb.fr\/#primaryimage\",\"url\":\"https:\/\/lesmainsdemandyne.picweb.fr\/wp-content\/uploads\/2025\/06\/logo_lesmainsdemandyne_450.webp\",\"contentUrl\":\"https:\/\/lesmainsdemandyne.picweb.fr\/wp-content\/uploads\/2025\/06\/logo_lesmainsdemandyne_450.webp\",\"width\":450,\"height\":450},{\"@type\":\"BreadcrumbList\",\"@id\":\"https:\/\/lesmainsdemandyne.picweb.fr\/#breadcrumb\",\"itemListElement\":[{\"@type\":\"ListItem\",\"position\":1,\"name\":\"Accueil\",\"item\":\"https:\/\/lesmainsdemandyne.picweb.fr\/\"},{\"@type\":\"ListItem\",\"position\":2,\"name\":\"Home\"}]},{\"@type\":\"WebSite\",\"@id\":\"https:\/\/lesmainsdemandyne.picweb.fr\/#website\",\"url\":\"https:\/\/lesmainsdemandyne.picweb.fr\/\",\"name\":\"Les mains de Mandyne\",\"description\":\"\",\"publisher\":{\"@id\":\"https:\/\/lesmainsdemandyne.picweb.fr\/#organization\"},\"potentialAction\":[{\"@type\":\"SearchAction\",\"target\":{\"@type\":\"EntryPoint\",\"urlTemplate\":\"https:\/\/lesmainsdemandyne.picweb.fr\/?s={search_term_string}\"},\"query-input\":{\"@type\":\"PropertyValueSpecification\",\"valueRequired\":true,\"valueName\":\"search_term_string\"}}],\"inLanguage\":\"fr-FR\"},{\"@type\":\"Organization\",\"@id\":\"https:\/\/lesmainsdemandyne.picweb.fr\/#organization\",\"name\":\"Les mains de Mandyne\",\"url\":\"https:\/\/lesmainsdemandyne.picweb.fr\/\",\"logo\":{\"@type\":\"ImageObject\",\"inLanguage\":\"fr-FR\",\"@id\":\"https:\/\/lesmainsdemandyne.picweb.fr\/#\/schema\/logo\/image\/\",\"url\":\"https:\/\/lesmainsdemandyne.picweb.fr\/wp-content\/uploads\/2025\/06\/logo_lesmainsdemandyne_450.webp\",\"contentUrl\":\"https:\/\/lesmainsdemandyne.picweb.fr\/wp-content\/uploads\/2025\/06\/logo_lesmainsdemandyne_450.webp\",\"width\":450,\"height\":450,\"caption\":\"Les mains de Mandyne\"},\"image\":{\"@id\":\"https:\/\/lesmainsdemandyne.picweb.fr\/#\/schema\/logo\/image\/\"}}]}<\/script>\n<!-- \/ Yoast SEO plugin. -->","yoast_head_json":{"title":"Home | Les mains de Mandyne","description":"Massages bien-\u00eatre, soins \u00e9nerg\u00e9tiques et d\u00e9tente \u00e0 La Grande-Motte. Offrez-vous un moment pour vous avec Les Mains de Mandyne, dans un cadre chaleureux et apaisant. Sur rendez-vous.","robots":{"index":"noindex","follow":"follow","max-snippet":"max-snippet:-1","max-image-preview":"max-image-preview:large","max-video-preview":"max-video-preview:-1"},"og_locale":"fr_FR","og_type":"article","og_title":"Home | Les mains de Mandyne","og_description":"Massages bien-\u00eatre, soins \u00e9nerg\u00e9tiques et d\u00e9tente \u00e0 La Grande-Motte. Offrez-vous un moment pour vous avec Les Mains de Mandyne, dans un cadre chaleureux et apaisant. Sur rendez-vous.","og_url":"https:\/\/lesmainsdemandyne.picweb.fr\/","og_site_name":"Les mains de Mandyne","article_modified_time":"2025-07-04T12:20:16+00:00","og_image":[{"width":450,"height":450,"url":"https:\/\/lesmainsdemandyne.picweb.fr\/wp-content\/uploads\/2025\/06\/logo_lesmainsdemandyne_450.webp","type":"image\/webp"}],"twitter_card":"summary_large_image","twitter_misc":{"Dur\u00e9e de lecture estim\u00e9e":"1 minute"},"schema":{"@context":"https:\/\/schema.org","@graph":[{"@type":"WebPage","@id":"https:\/\/lesmainsdemandyne.picweb.fr\/","url":"https:\/\/lesmainsdemandyne.picweb.fr\/","name":"Home | Les mains de Mandyne","isPartOf":{"@id":"https:\/\/lesmainsdemandyne.picweb.fr\/#website"},"primaryImageOfPage":{"@id":"https:\/\/lesmainsdemandyne.picweb.fr\/#primaryimage"},"image":{"@id":"https:\/\/lesmainsdemandyne.picweb.fr\/#primaryimage"},"thumbnailUrl":"https:\/\/lesmainsdemandyne.picweb.fr\/wp-content\/uploads\/2025\/06\/logo_lesmainsdemandyne_450.webp","datePublished":"2025-06-20T08:33:35+00:00","dateModified":"2025-07-04T12:20:16+00:00","description":"Massages bien-\u00eatre, soins \u00e9nerg\u00e9tiques et d\u00e9tente \u00e0 La Grande-Motte. Offrez-vous un moment pour vous avec Les Mains de Mandyne, dans un cadre chaleureux et apaisant. Sur rendez-vous.","breadcrumb":{"@id":"https:\/\/lesmainsdemandyne.picweb.fr\/#breadcrumb"},"inLanguage":"fr-FR","potentialAction":[{"@type":"ReadAction","target":["https:\/\/lesmainsdemandyne.picweb.fr\/"]}]},{"@type":"ImageObject","inLanguage":"fr-FR","@id":"https:\/\/lesmainsdemandyne.picweb.fr\/#primaryimage","url":"https:\/\/lesmainsdemandyne.picweb.fr\/wp-content\/uploads\/2025\/06\/logo_lesmainsdemandyne_450.webp","contentUrl":"https:\/\/lesmainsdemandyne.picweb.fr\/wp-content\/uploads\/2025\/06\/logo_lesmainsdemandyne_450.webp","width":450,"height":450},{"@type":"BreadcrumbList","@id":"https:\/\/lesmainsdemandyne.picweb.fr\/#breadcrumb","itemListElement":[{"@type":"ListItem","position":1,"name":"Accueil","item":"https:\/\/lesmainsdemandyne.picweb.fr\/"},{"@type":"ListItem","position":2,"name":"Home"}]},{"@type":"WebSite","@id":"https:\/\/lesmainsdemandyne.picweb.fr\/#website","url":"https:\/\/lesmainsdemandyne.picweb.fr\/","name":"Les mains de Mandyne","description":"","publisher":{"@id":"https:\/\/lesmainsdemandyne.picweb.fr\/#organization"},"potentialAction":[{"@type":"SearchAction","target":{"@type":"EntryPoint","urlTemplate":"https:\/\/lesmainsdemandyne.picweb.fr\/?s={search_term_string}"},"query-input":{"@type":"PropertyValueSpecification","valueRequired":true,"valueName":"search_term_string"}}],"inLanguage":"fr-FR"},{"@type":"Organization","@id":"https:\/\/lesmainsdemandyne.picweb.fr\/#organization","name":"Les mains de Mandyne","url":"https:\/\/lesmainsdemandyne.picweb.fr\/","logo":{"@type":"ImageObject","inLanguage":"fr-FR","@id":"https:\/\/lesmainsdemandyne.picweb.fr\/#\/schema\/logo\/image\/","url":"https:\/\/lesmainsdemandyne.picweb.fr\/wp-content\/uploads\/2025\/06\/logo_lesmainsdemandyne_450.webp","contentUrl":"https:\/\/lesmainsdemandyne.picweb.fr\/wp-content\/uploads\/2025\/06\/logo_lesmainsdemandyne_450.webp","width":450,"height":450,"caption":"Les mains de Mandyne"},"image":{"@id":"https:\/\/lesmainsdemandyne.picweb.fr\/#\/schema\/logo\/image\/"}}]}},"_links":{"self":[{"href":"https:\/\/lesmainsdemandyne.picweb.fr\/index.php\/wp-json\/wp\/v2\/pages\/16","targetHints":{"allow":["GET"]}}],"collection":[{"href":"https:\/\/lesmainsdemandyne.picweb.fr\/index.php\/wp-json\/wp\/v2\/pages"}],"about":[{"href":"https:\/\/lesmainsdemandyne.picweb.fr\/index.php\/wp-json\/wp\/v2\/types\/page"}],"author":[{"embeddable":true,"href":"https:\/\/lesmainsdemandyne.picweb.fr\/index.php\/wp-json\/wp\/v2\/users\/1"}],"replies":[{"embeddable":true,"href":"https:\/\/lesmainsdemandyne.picweb.fr\/index.php\/wp-json\/wp\/v2\/comments?post=16"}],"version-history":[{"count":38,"href":"https:\/\/lesmainsdemandyne.picweb.fr\/index.php\/wp-json\/wp\/v2\/pages\/16\/revisions"}],"predecessor-version":[{"id":255,"href":"https:\/\/lesmainsdemandyne.picweb.fr\/index.php\/wp-json\/wp\/v2\/pages\/16\/revisions\/255"}],"wp:featuredmedia":[{"embeddable":true,"href":"https:\/\/lesmainsdemandyne.picweb.fr\/index.php\/wp-json\/wp\/v2\/media\/82"}],"wp:attachment":[{"href":"https:\/\/lesmainsdemandyne.picweb.fr\/index.php\/wp-json\/wp\/v2\/media?parent=16"}],"curies":[{"name":"wp","href":"https:\/\/api.w.org\/{rel}","templated":true}]}}